{"id":260,"date":"2019-03-19T07:16:51","date_gmt":"2019-03-19T07:16:51","guid":{"rendered":"http:\/\/www.strnadova30.cz\/?page_id=260"},"modified":"2019-03-19T07:51:18","modified_gmt":"2019-03-19T07:51:18","slug":"prihlaska-do-zavodu","status":"publish","type":"page","link":"https:\/\/www.strnadova30.cz\/index.php\/prihlaska-do-zavodu\/","title":{"rendered":"P\u0159ihl\u00e1\u0161ka do z\u00e1vodu"},"content":{"rendered":"\n<p> <div class=\"wpforms-container wpforms-container-full\" id=\"wpforms-258\"><form id=\"wpforms-form-258\" class=\"wpforms-validate wpforms-form\" data-formid=\"258\" method=\"post\" enctype=\"multipart\/form-data\" action=\"\/index.php\/wp-json\/wp\/v2\/pages\/260\" data-token=\"d5688ab3a5bc8880db27042af2a05a97\" data-token-time=\"1778140022\"><noscript class=\"wpforms-error-noscript\">Chcete-li vyplnit tento formul\u00e1\u0159, pros\u00edm povolte v prohl\u00ed\u017ee\u010di JavaScript.<\/noscript><div class=\"wpforms-field-container\"><div id=\"wpforms-258-field_8-container\" class=\"wpforms-field wpforms-field-number\" data-field-id=\"8\"><label class=\"wpforms-field-label\" for=\"wpforms-258-field_8\">Ro\u010dn\u00edk narozen\u00ed <span class=\"wpforms-required-label\">*<\/span><\/label><input type=\"number\" id=\"wpforms-258-field_8\" class=\"wpforms-field-small wpforms-field-required\" name=\"wpforms[fields][8]\" value=\"2019\" step=\"any\" required><\/div><div id=\"wpforms-258-field_0-container\" class=\"wpforms-field wpforms-field-name\" data-field-id=\"0\"><label class=\"wpforms-field-label\" for=\"wpforms-258-field_0\">Jm\u00e9no a p\u0159\u00edjmen\u00ed <span class=\"wpforms-required-label\">*<\/span><\/label><div class=\"wpforms-field-row wpforms-field-medium\"><div class=\"wpforms-field-row-block wpforms-first wpforms-one-half\"><input type=\"text\" id=\"wpforms-258-field_0\" class=\"wpforms-field-name-first wpforms-field-required\" name=\"wpforms[fields][0][first]\" required><label for=\"wpforms-258-field_0\" class=\"wpforms-field-sublabel after wpforms-sublabel-hide\">K\u0159estn\u00ed jm\u00e9no<\/label><\/div><div class=\"wpforms-field-row-block wpforms-one-half\"><input type=\"text\" id=\"wpforms-258-field_0-last\" class=\"wpforms-field-name-last wpforms-field-required\" name=\"wpforms[fields][0][last]\" required><label for=\"wpforms-258-field_0-last\" class=\"wpforms-field-sublabel after wpforms-sublabel-hide\">P\u0159\u00edjmen\u00ed<\/label><\/div><\/div><\/div><div id=\"wpforms-258-field_4-container\" class=\"wpforms-field wpforms-field-text\" data-field-id=\"4\"><label class=\"wpforms-field-label\" for=\"wpforms-258-field_4\">Datum narozen\u00ed <span class=\"wpforms-required-label\">*<\/span><\/label><input type=\"text\" id=\"wpforms-258-field_4\" class=\"wpforms-field-small wpforms-field-required\" name=\"wpforms[fields][4]\" required><\/div><div id=\"wpforms-258-field_5-container\" class=\"wpforms-field wpforms-field-text\" data-field-id=\"5\"><label class=\"wpforms-field-label\" for=\"wpforms-258-field_5\">Klub za kter\u00fd z\u00e1vodn\u00edk pojede, nebo m\u00edsto bydli\u0161t\u011b <span class=\"wpforms-required-label\">*<\/span><\/label><input type=\"text\" id=\"wpforms-258-field_5\" class=\"wpforms-field-medium wpforms-field-required\" name=\"wpforms[fields][5]\" required><\/div><div id=\"wpforms-258-field_6-container\" class=\"wpforms-field wpforms-field-checkbox\" data-field-id=\"6\"><label class=\"wpforms-field-label\">Z\u00fa\u010dastn\u00edm se v kategori\u00edch<\/label><ul id=\"wpforms-258-field_6\"><li class=\"choice-1 depth-1\"><input type=\"checkbox\" id=\"wpforms-258-field_6_1\" name=\"wpforms[fields][6][]\" value=\"Hlavn\u00ed z\u00e1vod\"  ><label class=\"wpforms-field-label-inline\" for=\"wpforms-258-field_6_1\">Hlavn\u00ed z\u00e1vod<\/label><\/li><li class=\"choice-2 depth-1\"><input type=\"checkbox\" id=\"wpforms-258-field_6_2\" name=\"wpforms[fields][6][]\" value=\"Doprovodn\u00fd z\u00e1vod velk\u00fd okruh\"  ><label class=\"wpforms-field-label-inline\" for=\"wpforms-258-field_6_2\">Doprovodn\u00fd z\u00e1vod velk\u00fd okruh<\/label><\/li><li class=\"choice-3 depth-1\"><input type=\"checkbox\" id=\"wpforms-258-field_6_3\" name=\"wpforms[fields][6][]\" value=\"Doprovodn\u00fd z\u00e1vod d\u011btsk\u00e1 kola\"  ><label class=\"wpforms-field-label-inline\" for=\"wpforms-258-field_6_3\">Doprovodn\u00fd z\u00e1vod d\u011btsk\u00e1 kola<\/label><\/li><li class=\"choice-4 depth-1\"><input type=\"checkbox\" id=\"wpforms-258-field_6_4\" name=\"wpforms[fields][6][]\" value=\"Doprovodn\u00fd z\u00e1vod odr\u00e1\u017eedla\"  ><label class=\"wpforms-field-label-inline\" for=\"wpforms-258-field_6_4\">Doprovodn\u00fd z\u00e1vod odr\u00e1\u017eedla<\/label><\/li><\/ul><\/div><div id=\"wpforms-258-field_1-container\" class=\"wpforms-field wpforms-field-email\" data-field-id=\"1\"><label class=\"wpforms-field-label\" for=\"wpforms-258-field_1\">Email <span class=\"wpforms-required-label\">*<\/span><\/label><input type=\"email\" id=\"wpforms-258-field_1\" class=\"wpforms-field-medium wpforms-field-required\" name=\"wpforms[fields][1]\" spellcheck=\"false\" required><\/div><div id=\"wpforms-258-field_2-container\" class=\"wpforms-field wpforms-field-textarea\" data-field-id=\"2\"><label class=\"wpforms-field-label\" for=\"wpforms-258-field_2\">Pozn\u00e1mka, nebo zpr\u00e1va pro po\u0159adatele<\/label><textarea id=\"wpforms-258-field_2\" class=\"wpforms-field-medium\" name=\"wpforms[fields][2]\" ><\/textarea><\/div><\/div><!-- .wpforms-field-container --><div class=\"wpforms-field wpforms-field-hp\"><label for=\"wpforms-258-field-hp\" class=\"wpforms-field-label\">Comment<\/label><input type=\"text\" name=\"wpforms[hp]\" id=\"wpforms-258-field-hp\" class=\"wpforms-field-medium\"><\/div><div class=\"wpforms-recaptcha-container wpforms-is-hcaptcha\" ><div class=\"h-captcha\" data-sitekey=\"ecec6f6b-5ef9-4817-870a-7cb68d2e4509\"><\/div><input type=\"text\" name=\"g-recaptcha-hidden\" class=\"wpforms-recaptcha-hidden\" style=\"position:absolute!important;clip:rect(0,0,0,0)!important;height:1px!important;width:1px!important;border:0!important;overflow:hidden!important;padding:0!important;margin:0!important;\" data-rule-hcaptcha=\"1\"><\/div><div class=\"wpforms-submit-container\" ><input type=\"hidden\" name=\"wpforms[id]\" value=\"258\"><input type=\"hidden\" name=\"page_title\" value=\"\"><input type=\"hidden\" name=\"page_url\" value=\"https:\/\/www.strnadova30.cz\/index.php\/wp-json\/wp\/v2\/pages\/260\"><input type=\"hidden\" name=\"url_referer\" value=\"\"><button type=\"submit\" name=\"wpforms[submit]\" id=\"wpforms-submit-258\" class=\"wpforms-submit\" data-alt-text=\"Odes\u00edl\u00e1m...\" data-submit-text=\"P\u0159ihl\u00e1sit\" aria-live=\"assertive\" value=\"wpforms-submit\">P\u0159ihl\u00e1sit<\/button><\/div><\/form><\/div>  <!-- .wpforms-container --> <br><br><a href=\"http:\/\/www.strnadova30.cz\/index.php\/propozice\/\" class=\"su-button su-button-style-default\" style=\"color:#FFFFFF;background-color:#2D89EF;border-color:#246ec0;border-radius:5px\" target=\"_self\"><span style=\"color:#FFFFFF;padding:6px 16px;font-size:13px;line-height:20px;border-color:#6cadf4;border-radius:5px;text-shadow:none\"><i class=\"sui sui-share\" style=\"font-size:13px;color:#FFFFFF\"><\/i> Zp\u011bt na Propozice<\/span><\/a>\n\n\n\n<p><\/p>\n","protected":false},"excerpt":{"rendered":"","protected":false},"author":1,"featured_media":0,"parent":0,"menu_order":0,"comment_status":"closed","ping_status":"closed","template":"","meta":{"footnotes":""},"class_list":["post-260","page","type-page","status-publish","hentry"],"_links":{"self":[{"href":"https:\/\/www.strnadova30.cz\/index.php\/wp-json\/wp\/v2\/pages\/260","targetHints":{"allow":["GET"]}}],"collection":[{"href":"https:\/\/www.strnadova30.cz\/index.php\/wp-json\/wp\/v2\/pages"}],"about":[{"href":"https:\/\/www.strnadova30.cz\/index.php\/wp-json\/wp\/v2\/types\/page"}],"author":[{"embeddable":true,"href":"https:\/\/www.strnadova30.cz\/index.php\/wp-json\/wp\/v2\/users\/1"}],"replies":[{"embeddable":true,"href":"https:\/\/www.strnadova30.cz\/index.php\/wp-json\/wp\/v2\/comments?post=260"}],"version-history":[{"count":2,"href":"https:\/\/www.strnadova30.cz\/index.php\/wp-json\/wp\/v2\/pages\/260\/revisions"}],"predecessor-version":[{"id":268,"href":"https:\/\/www.strnadova30.cz\/index.php\/wp-json\/wp\/v2\/pages\/260\/revisions\/268"}],"wp:attachment":[{"href":"https:\/\/www.strnadova30.cz\/index.php\/wp-json\/wp\/v2\/media?parent=260"}],"curies":[{"name":"wp","href":"https:\/\/api.w.org\/{rel}","templated":true}]}}