{"id":290,"date":"2019-05-15T13:55:34","date_gmt":"2019-05-15T13:55:34","guid":{"rendered":"http:\/\/www.strnadova30.cz\/?page_id=290"},"modified":"2023-06-02T17:41:23","modified_gmt":"2023-06-02T17:41:23","slug":"aktuality2022","status":"publish","type":"page","link":"https:\/\/www.strnadova30.cz\/index.php\/aktuality2022\/","title":{"rendered":"Aktuality 2022 a star\u0161\u00ed"},"content":{"rendered":"\n<h2 class=\"wp-block-heading\">36. ro\u010dn\u00edk 2023<\/h2>\n\n\n\n<p>\u0161estat\u0159ic\u00e1t\u00fd ro\u010dn\u00edk Strnadovy t\u0159ic\u00edtky se pojede v sobotu 24. \u010dervna 2023. Tra\u0165 z\u00e1vodu a propozice jsou zat\u00edm ve stadiu schvalov\u00e1n\u00ed, ale vypad\u00e1 to, \u017ee se pojede po tradi\u010dn\u00ed trase. P\u0159ihla\u0161ov\u00e1n\u00ed k z\u00e1vodu funguje. <br>Omlouv\u00e1me se za dvout\u00fddenn\u00ed v\u00fdpadek WEBu zap\u0159\u00ed\u010din\u011bn\u00fd  technick\u00fdmi probl\u00e9my.  U\u017e by m\u011blo b\u00fdt v\u0161echno v po\u0159\u00e1dku a funk\u010dn\u00ed.<\/p>\n\n\n\n<p><\/p>\n\n\n\n<p><strong>Posledn\u00ed informace p\u0159ed startem<\/strong><\/p>\n\n\n\n<p>Trasa z\u00e1vodu bude tradi\u010dn\u00ed &#8211; viz. Trasa z\u00e1vodu. Na posledn\u00ed chv\u00edli jsme dopilovali trasu dopl\u0148kov\u00e9ho z\u00e1vodu na 10 km, mapa je takt\u00e9\u017e ulo\u017eena na str\u00e1nce <a href=\"https:\/\/www.strnadova30.cz\/index.php\/trat-zavodu\/\">Tra\u0165 z\u00e1vodu<\/a>. Ze strany Spr\u00e1vy silnic to tak\u00e9 na \u017e\u00e1dn\u00e9 p\u0159ekvapen\u00ed nevypad\u00e1, p\u0159\u00edjezd do R\u016f\u017ekov\u00fdch Lhotic je standardn\u011b po silnici, tak\u017ee se m\u016f\u017eeme t\u011b\u0161it na klidn\u00fd a bezprobl\u00e9mov\u00fd pr\u016fb\u011bh z\u00e1vodu. <\/p>\n\n\n\n<p> <strong>V\u00e1\u017een\u00ed sportovn\u00ed p\u0159\u00e1tel\u00e9<\/strong>,<\/p>\n\n\n\n<p>p\u011btat\u0159ic\u00e1t\u00fd ro\u010dn\u00edk Strnadovy t\u0159ic\u00edtky se pojede <strong>25. \u010dervna 2022<\/strong>. Zat\u00edm se zd\u00e1, \u017ee kovidov\u00e1 situace se uklid\u0148uje, stav tradi\u010dn\u00ed trasy i p\u0159\u00edjezdov\u00fdch cest vypad\u00e1 stabiln\u011b, tak\u017ee jsme zvolili obvykl\u00fd term\u00edn z\u00e1vodu, tedy posledn\u00ed sobotu v \u010dervnu. <br>Samoz\u0159ejm\u011b budeme reagovat na vl\u00e1dn\u00ed na\u0159\u00edzen\u00ed, p\u0159\u00edpadn\u00e9 aktivity spr\u00e1vy silnic, \u010di jin\u00e9 vn\u011bj\u0161\u00ed podn\u011bty a na t\u00e9to str\u00e1nce budeme v\u010das informovat o nejnov\u011bj\u0161\u00edm v\u00fdvoji situace. <\/p>\n\n\n\n<p><strong>Dopravn\u00ed situace kolem R\u016f\u017ekov\u00fdch Lhotic<\/strong> pro rok 2021<br>N\u00e1v\u0161t\u011bvn\u00edci p\u0159ij\u00ed\u017ed\u011bj\u00edc\u00ed od Pelh\u0159imova se bez probl\u00e9m\u016f dostanou k odbo\u010dce na R\u016f\u017ekovy Lhotice. <br>N\u00e1v\u0161t\u011bvn\u00edci p\u0159ij\u00ed\u017ed\u011bj\u00edc\u00ed od Vla\u0161imi, nebo od Lokte (d\u00e1lni\u010dn\u00ed sjezd 66) to maj\u00ed slo\u017eit\u011bj\u0161\u00ed. V \u010cechtic\u00edch je uzav\u0159eno n\u00e1m\u011bst\u00ed z d\u016fvodu opravy komunikace a z\u00e1kazov\u00e9 zna\u010dky jsou i na most\u011b na pelh\u0159imovsk\u00e9 silnici t\u011bsn\u011b p\u0159ed odbo\u010dkou na R\u016f\u017ekovy Lhotice. Navigace obvykle vedou n\u00e1v\u0161t\u011bvn\u00edky obj\u00ed\u017e\u010fkou p\u0159es Malou Paseku.<br> <br> Druhou mo\u017enost\u00ed je trasa p\u0159es Ba\u017eantnici. Na t\u00e9to trase je \u00fasek mezi body 2 a 3 veden po \u0161otolinov\u00e9 cest\u011b, tak\u017ee je sj\u00edzdn\u00fd se zv\u00fd\u0161enou opatrnost\u00ed.<br><\/p>\n\n\n\n<p> \nT\u0159et\u00ed mo\u017enost je obj\u00ed\u017e\u010fka p\u0159es Kr\u010dma. Tato trasa je vedena po m\u00edstn\u00edch komunikac\u00edch, kter\u00e9 jsou asfaltovan\u00e9. V lesn\u00edm \u00faseku je t\u0159eba db\u00e1t zv\u00fd\u0161en\u00e9 opatrnosti, proto\u017ee jsou zde v\u00fdtluky a m\u016f\u017ee se zde pohybovat lesn\u00ed a zem\u011bd\u011blsk\u00e1 technika: <\/p>\n\n\n\n<figure><iframe loading=\"lazy\" style=\"border:none\" src=\"https:\/\/frame.mapy.cz\/s\/fekozejasa\" width=\"400\" height=\"280\" frameborder=\"0\"><\/iframe><\/figure>\n\n\n\n<figure><iframe loading=\"lazy\" style=\"border:none\" src=\"https:\/\/frame.mapy.cz\/s\/fumovafohe\" width=\"400\" height=\"280\" frameborder=\"0\"><\/iframe><\/figure>\n\n\n\n<figure><iframe loading=\"lazy\" style=\"border:none\" src=\"https:\/\/frame.mapy.cz\/s\/jorujoheho\" width=\"400\" height=\"280\" frameborder=\"0\"><\/iframe><\/figure>\n\n\n\n<p><strong>V\u00e1\u017een\u00ed sportovn\u00ed p\u0159\u00e1tel\u00e9<\/strong>,<br>z d\u016fvodu st\u00e1le prob\u00edhaj\u00edc\u00ed opravy silnice  \u010d. 112 v \u00faseku \u010cechtice &#8211; odbo\u010dka R\u016f\u017ekovy Lhotice, se Strnadova t\u0159ic\u00edtka se letos bude konat v n\u00e1hradn\u00ed trase. Na v\u00fd\u0161e uveden\u00e9m \u00faseku je uzav\u0159en most z d\u016fvodu havarijn\u00edho stavu a odbor dopravy vydal z\u00e1vazn\u00e9 stanovisko, \u017ee p\u0159es n\u011bj nelze v\u00e9st trasu z\u00e1vodu. <br>Mapka n\u00e1hradn\u00ed trasy je uvedena n\u00ed\u017ee, a je i na FB. D\u00e9lka z\u00e1vodu &#8211; 30 km &#8211; z\u016fst\u00e1v\u00e1 nezm\u011bn\u011bna.  <\/p>\n\n\n\n<p><\/p>\n\n\n\n<p>Trasa z\u00e1vodu 11. 9. 2021<\/p>\n\n\n\n<div class=\"wp-block-image\"><figure class=\"aligncenter size-large\"><img loading=\"lazy\" decoding=\"async\" width=\"700\" height=\"451\" src=\"http:\/\/www.strnadova30.cz\/wp-content\/uploads\/2021\/08\/Strnadovka_2021_mapa-700x451.png\" alt=\"\" class=\"wp-image-399\" srcset=\"https:\/\/www.strnadova30.cz\/wp-content\/uploads\/2021\/08\/Strnadovka_2021_mapa-700x451.png 700w, https:\/\/www.strnadova30.cz\/wp-content\/uploads\/2021\/08\/Strnadovka_2021_mapa-300x193.png 300w, https:\/\/www.strnadova30.cz\/wp-content\/uploads\/2021\/08\/Strnadovka_2021_mapa-768x494.png 768w, https:\/\/www.strnadova30.cz\/wp-content\/uploads\/2021\/08\/Strnadovka_2021_mapa.png 1280w\" sizes=\"auto, (max-width: 700px) 100vw, 700px\" \/><\/figure><\/div>\n\n\n\n<p>Odkaz na mapy.cz je <a href=\"https:\/\/mapy.cz\/s\/lonebofane\">zde<\/a><\/p>\n\n\n\n<p><em><strong>2. 7. 2020<\/strong><\/em> <strong>Fotografie z t\u0159iat\u0159ic\u00e1t\u00e9ho ro\u010dn\u00edku<\/strong> od Lucie \u0158\u00edhov\u00e9 jsou k vid\u011bn\u00ed zde:  <a href=\"https:\/\/www.facebook.com\/pg\/photographyLucyR\/photos\/?tab=album&amp;album_id=129848322084979\">https:\/\/www.facebook.com\/pg\/photographyLucyR\/photos\/?tab=album&amp;album_id=129848322084979<\/a><\/p>\n\n\n\n<h4 class=\"wp-block-heading\"><em>30.6.2020<\/em><\/h4>\n\n\n\n<figure class=\"wp-block-gallery columns-3 is-cropped wp-block-gallery-1 is-layout-flex wp-block-gallery-is-layout-flex\"><ul class=\"blocks-gallery-grid\"><li class=\"blocks-gallery-item\"><figure><img loading=\"lazy\" decoding=\"async\" width=\"700\" height=\"525\" src=\"http:\/\/www.strnadova30.cz\/wp-content\/uploads\/2020\/06\/P1000576-700x525.jpg\" alt=\"\" data-id=\"365\" data-full-url=\"http:\/\/www.strnadova30.cz\/wp-content\/uploads\/2020\/06\/P1000576-scaled.jpg\" data-link=\"http:\/\/www.strnadova30.cz\/index.php\/rl_gallery\/rocnik-32\/p1000576\/\" class=\"wp-image-365\" srcset=\"https:\/\/www.strnadova30.cz\/wp-content\/uploads\/2020\/06\/P1000576-700x525.jpg 700w, https:\/\/www.strnadova30.cz\/wp-content\/uploads\/2020\/06\/P1000576-300x225.jpg 300w, https:\/\/www.strnadova30.cz\/wp-content\/uploads\/2020\/06\/P1000576-768x576.jpg 768w, https:\/\/www.strnadova30.cz\/wp-content\/uploads\/2020\/06\/P1000576-1536x1152.jpg 1536w, https:\/\/www.strnadova30.cz\/wp-content\/uploads\/2020\/06\/P1000576-2048x1536.jpg 2048w\" sizes=\"auto, (max-width: 700px) 100vw, 700px\" \/><\/figure><\/li><li class=\"blocks-gallery-item\"><figure><img loading=\"lazy\" decoding=\"async\" width=\"700\" height=\"525\" src=\"http:\/\/www.strnadova30.cz\/wp-content\/uploads\/2020\/06\/P1000575-700x525.jpg\" alt=\"\" data-id=\"364\" data-full-url=\"http:\/\/www.strnadova30.cz\/wp-content\/uploads\/2020\/06\/P1000575-scaled.jpg\" data-link=\"http:\/\/www.strnadova30.cz\/index.php\/rl_gallery\/rocnik-32\/p1000575\/\" class=\"wp-image-364\" srcset=\"https:\/\/www.strnadova30.cz\/wp-content\/uploads\/2020\/06\/P1000575-700x525.jpg 700w, https:\/\/www.strnadova30.cz\/wp-content\/uploads\/2020\/06\/P1000575-300x225.jpg 300w, https:\/\/www.strnadova30.cz\/wp-content\/uploads\/2020\/06\/P1000575-768x576.jpg 768w, https:\/\/www.strnadova30.cz\/wp-content\/uploads\/2020\/06\/P1000575-1536x1152.jpg 1536w, https:\/\/www.strnadova30.cz\/wp-content\/uploads\/2020\/06\/P1000575-2048x1536.jpg 2048w\" sizes=\"auto, (max-width: 700px) 100vw, 700px\" \/><\/figure><\/li><li class=\"blocks-gallery-item\"><figure><img loading=\"lazy\" decoding=\"async\" width=\"700\" height=\"525\" src=\"http:\/\/www.strnadova30.cz\/wp-content\/uploads\/2020\/06\/P1000569-700x525.jpg\" alt=\"\" data-id=\"363\" data-full-url=\"http:\/\/www.strnadova30.cz\/wp-content\/uploads\/2020\/06\/P1000569-scaled.jpg\" data-link=\"http:\/\/www.strnadova30.cz\/index.php\/rl_gallery\/rocnik-32\/p1000569\/\" class=\"wp-image-363\" srcset=\"https:\/\/www.strnadova30.cz\/wp-content\/uploads\/2020\/06\/P1000569-700x525.jpg 700w, https:\/\/www.strnadova30.cz\/wp-content\/uploads\/2020\/06\/P1000569-300x225.jpg 300w, https:\/\/www.strnadova30.cz\/wp-content\/uploads\/2020\/06\/P1000569-768x576.jpg 768w, https:\/\/www.strnadova30.cz\/wp-content\/uploads\/2020\/06\/P1000569-1536x1152.jpg 1536w, https:\/\/www.strnadova30.cz\/wp-content\/uploads\/2020\/06\/P1000569-2048x1536.jpg 2048w\" sizes=\"auto, (max-width: 700px) 100vw, 700px\" \/><\/figure><\/li><li class=\"blocks-gallery-item\"><figure><img loading=\"lazy\" decoding=\"async\" width=\"700\" height=\"525\" src=\"http:\/\/www.strnadova30.cz\/wp-content\/uploads\/2020\/06\/P1000562-700x525.jpg\" alt=\"Start z\u00e1vodu\" data-id=\"362\" data-full-url=\"http:\/\/www.strnadova30.cz\/wp-content\/uploads\/2020\/06\/P1000562-scaled.jpg\" data-link=\"http:\/\/www.strnadova30.cz\/index.php\/rl_gallery\/rocnik-32\/p1000562\/\" class=\"wp-image-362\" srcset=\"https:\/\/www.strnadova30.cz\/wp-content\/uploads\/2020\/06\/P1000562-700x525.jpg 700w, https:\/\/www.strnadova30.cz\/wp-content\/uploads\/2020\/06\/P1000562-300x225.jpg 300w, https:\/\/www.strnadova30.cz\/wp-content\/uploads\/2020\/06\/P1000562-768x576.jpg 768w, https:\/\/www.strnadova30.cz\/wp-content\/uploads\/2020\/06\/P1000562-1536x1152.jpg 1536w, https:\/\/www.strnadova30.cz\/wp-content\/uploads\/2020\/06\/P1000562-2048x1536.jpg 2048w\" sizes=\"auto, (max-width: 700px) 100vw, 700px\" \/><\/figure><\/li><li class=\"blocks-gallery-item\"><figure><img loading=\"lazy\" decoding=\"async\" width=\"700\" height=\"525\" src=\"http:\/\/www.strnadova30.cz\/wp-content\/uploads\/2020\/06\/P1000555-700x525.jpg\" alt=\"Start z\u00e1vodu\" data-id=\"361\" data-full-url=\"http:\/\/www.strnadova30.cz\/wp-content\/uploads\/2020\/06\/P1000555-scaled.jpg\" data-link=\"http:\/\/www.strnadova30.cz\/index.php\/rl_gallery\/rocnik-32\/p1000555\/\" class=\"wp-image-361\" srcset=\"https:\/\/www.strnadova30.cz\/wp-content\/uploads\/2020\/06\/P1000555-700x525.jpg 700w, https:\/\/www.strnadova30.cz\/wp-content\/uploads\/2020\/06\/P1000555-300x225.jpg 300w, https:\/\/www.strnadova30.cz\/wp-content\/uploads\/2020\/06\/P1000555-768x576.jpg 768w, https:\/\/www.strnadova30.cz\/wp-content\/uploads\/2020\/06\/P1000555-1536x1152.jpg 1536w, https:\/\/www.strnadova30.cz\/wp-content\/uploads\/2020\/06\/P1000555-2048x1536.jpg 2048w\" sizes=\"auto, (max-width: 700px) 100vw, 700px\" \/><\/figure><\/li><\/ul><figcaption class=\"blocks-gallery-caption\">Fotografie ze z\u00e1vodu d\u011bt\u00ed <\/figcaption><\/figure>\n\n\n\n<p> <strong><em>18. 6. 2020 <\/em>Dopravn\u00ed situace kolem R\u016f\u017ekov\u00fdch Lhotic<\/strong><br> v\u00e1\u017een\u00ed p\u0159\u00e1tel\u00e9, pokud k n\u00e1m pojedete po d\u00e1lnici, oba sjezdy z D1 na Exit  66 &#8211; Loket jsou funk\u010dn\u00ed. Nen\u00ed funk\u010dn\u00ed pouze n\u00e1jezd na D1 z m\u00edstn\u00ed  komunikace sm\u011brem na Prahu. P\u0159ij\u00ed\u017ed\u011bj\u00edc\u00ed po silnici \u010d. 112 od Pelh\u0159imova  a \u010d. 150 od Na\u010deradce, nebo od D1 &#8211; Exit 66 Loket pojedou bez probl\u00e9m\u016f.  P\u0159ij\u00ed\u017ed\u011bj\u00edc\u00ed po silnici \u010d. 112 od Vla\u0161imi naraz\u00ed na obj\u00ed\u017e\u010fku, kter\u00e1  nen\u00ed zcela ide\u00e1ln\u011b zna\u010den\u00e1. Ze silnice \u010d. 112 je ofici\u00e1ln\u00ed obj\u00ed\u017e\u010fka  vedena p\u0159es Malovidy, Pravon\u00edn, Horn\u00ed Lhotu, \u010c\u00e1slavsko do \u010cechtic.  Mapy.cz  v\u00e1s povedou na odbo\u010dku na Mi\u0159etice, projedete obc\u00ed Chmeln\u00e1 a\u017e  do Jen\u00edkova. Tam na n\u00e1vsi odbo\u010d\u00edte doleva na silnici do \u010cechtic.  Nenechte se vyd\u011bsit zna\u010dkou IP 10 &#8211; Slep\u00e1 pozemn\u00ed komunikace. Silnice sice po kilometru kon\u010d\u00ed z\u00e1kazem vjezdu, ale soub\u011b\u017en\u011b s n\u00ed je pr\u016fjezdn\u00e1 cesta dlouh\u00e1 cca 100 metr\u016f kolem skl\u00e1dky bioodpadu, kter\u00e1 v\u00e1s vr\u00e1t\u00ed na p\u016fvodn\u00ed  silnici a pokra\u010dujete do \u010cechtic.  <\/p>\n\n\n\n<figure class=\"wp-block-image size-large\"><img loading=\"lazy\" decoding=\"async\" width=\"700\" height=\"508\" src=\"https:\/\/www.strnadova30.cz\/wp-content\/uploads\/2020\/06\/Vlasim_Cechtice-700x508.jpg\" alt=\"\" class=\"wp-image-351\" srcset=\"https:\/\/www.strnadova30.cz\/wp-content\/uploads\/2020\/06\/Vlasim_Cechtice-700x508.jpg 700w, https:\/\/www.strnadova30.cz\/wp-content\/uploads\/2020\/06\/Vlasim_Cechtice-300x218.jpg 300w, https:\/\/www.strnadova30.cz\/wp-content\/uploads\/2020\/06\/Vlasim_Cechtice-768x558.jpg 768w, https:\/\/www.strnadova30.cz\/wp-content\/uploads\/2020\/06\/Vlasim_Cechtice.jpg 1100w\" sizes=\"auto, (max-width: 700px) 100vw, 700px\" \/><figcaption>Trasa Vla\u0161im &#8211; \u010cechtice<\/figcaption><\/figure>\n\n\n\n<p><\/p>\n","protected":false},"excerpt":{"rendered":"<p>36. ro\u010dn\u00edk 2023 \u0161estat\u0159ic\u00e1t\u00fd ro\u010dn\u00edk Strnadovy t\u0159ic\u00edtky se pojede v sobotu 24. \u010dervna 2023. Tra\u0165 z\u00e1vodu a propozice jsou zat\u00edm ve stadiu schvalov\u00e1n\u00ed, ale vypad\u00e1 to, \u017ee se pojede po tradi\u010dn\u00ed trase. P\u0159ihla\u0161ov\u00e1n\u00ed k z\u00e1vodu funguje. Omlouv\u00e1me se za dvout\u00fddenn\u00ed v\u00fdpadek WEBu zap\u0159\u00ed\u010din\u011bn\u00fd technick\u00fdmi probl\u00e9my. U\u017e by m\u011blo b\u00fdt v\u0161echno v po\u0159\u00e1dku a funk\u010dn\u00ed. Posledn\u00ed &hellip; <a href=\"https:\/\/www.strnadova30.cz\/index.php\/aktuality2022\/\" class=\"more-link\">Pokra\u010dov\u00e1n\u00ed textu <span class=\"screen-reader-text\">Aktuality 2022 a star\u0161\u00ed<\/span><\/a><\/p>\n","protected":false},"author":1,"featured_media":0,"parent":0,"menu_order":0,"comment_status":"closed","ping_status":"closed","template":"","meta":{"footnotes":""},"class_list":["post-290","page","type-page","status-publish","hentry"],"_links":{"self":[{"href":"https:\/\/www.strnadova30.cz\/index.php\/wp-json\/wp\/v2\/pages\/290","targetHints":{"allow":["GET"]}}],"collection":[{"href":"https:\/\/www.strnadova30.cz\/index.php\/wp-json\/wp\/v2\/pages"}],"about":[{"href":"https:\/\/www.strnadova30.cz\/index.php\/wp-json\/wp\/v2\/types\/page"}],"author":[{"embeddable":true,"href":"https:\/\/www.strnadova30.cz\/index.php\/wp-json\/wp\/v2\/users\/1"}],"replies":[{"embeddable":true,"href":"https:\/\/www.strnadova30.cz\/index.php\/wp-json\/wp\/v2\/comments?post=290"}],"version-history":[{"count":23,"href":"https:\/\/www.strnadova30.cz\/index.php\/wp-json\/wp\/v2\/pages\/290\/revisions"}],"predecessor-version":[{"id":577,"href":"https:\/\/www.strnadova30.cz\/index.php\/wp-json\/wp\/v2\/pages\/290\/revisions\/577"}],"wp:attachment":[{"href":"https:\/\/www.strnadova30.cz\/index.php\/wp-json\/wp\/v2\/media?parent=290"}],"curies":[{"name":"wp","href":"https:\/\/api.w.org\/{rel}","templated":true}]}}