{"id":334,"date":"2020-01-26T09:35:19","date_gmt":"2020-01-26T09:35:19","guid":{"rendered":"http:\/\/www.strnadova30.cz\/?page_id=334"},"modified":"2025-05-19T09:18:40","modified_gmt":"2025-05-19T09:18:40","slug":"plakat","status":"publish","type":"page","link":"https:\/\/www.strnadova30.cz\/index.php\/plakat\/","title":{"rendered":"Plak\u00e1t ke sta\u017een\u00ed"},"content":{"rendered":"\n<p class=\"wp-block-pdfemb-pdf-embedder-viewer\"><\/p>\n\n\n\n<figure class=\"wp-block-image size-large\"><img loading=\"lazy\" decoding=\"async\" width=\"700\" height=\"495\" src=\"https:\/\/www.strnadova30.cz\/wp-content\/uploads\/2025\/05\/Plakat-Strnadovka-2025-700x495.jpg\" alt=\"\" class=\"wp-image-696\" srcset=\"https:\/\/www.strnadova30.cz\/wp-content\/uploads\/2025\/05\/Plakat-Strnadovka-2025-700x495.jpg 700w, https:\/\/www.strnadova30.cz\/wp-content\/uploads\/2025\/05\/Plakat-Strnadovka-2025-300x212.jpg 300w, https:\/\/www.strnadova30.cz\/wp-content\/uploads\/2025\/05\/Plakat-Strnadovka-2025-768x543.jpg 768w, https:\/\/www.strnadova30.cz\/wp-content\/uploads\/2025\/05\/Plakat-Strnadovka-2025-1536x1086.jpg 1536w, https:\/\/www.strnadova30.cz\/wp-content\/uploads\/2025\/05\/Plakat-Strnadovka-2025.jpg 2000w\" sizes=\"auto, (max-width: 700px) 100vw, 700px\" \/><\/figure>\n","protected":false},"excerpt":{"rendered":"","protected":false},"author":1,"featured_media":0,"parent":0,"menu_order":0,"comment_status":"closed","ping_status":"closed","template":"","meta":{"footnotes":""},"class_list":["post-334","page","type-page","status-publish","hentry"],"_links":{"self":[{"href":"https:\/\/www.strnadova30.cz\/index.php\/wp-json\/wp\/v2\/pages\/334","targetHints":{"allow":["GET"]}}],"collection":[{"href":"https:\/\/www.strnadova30.cz\/index.php\/wp-json\/wp\/v2\/pages"}],"about":[{"href":"https:\/\/www.strnadova30.cz\/index.php\/wp-json\/wp\/v2\/types\/page"}],"author":[{"embeddable":true,"href":"https:\/\/www.strnadova30.cz\/index.php\/wp-json\/wp\/v2\/users\/1"}],"replies":[{"embeddable":true,"href":"https:\/\/www.strnadova30.cz\/index.php\/wp-json\/wp\/v2\/comments?post=334"}],"version-history":[{"count":5,"href":"https:\/\/www.strnadova30.cz\/index.php\/wp-json\/wp\/v2\/pages\/334\/revisions"}],"predecessor-version":[{"id":698,"href":"https:\/\/www.strnadova30.cz\/index.php\/wp-json\/wp\/v2\/pages\/334\/revisions\/698"}],"wp:attachment":[{"href":"https:\/\/www.strnadova30.cz\/index.php\/wp-json\/wp\/v2\/media?parent=334"}],"curies":[{"name":"wp","href":"https:\/\/api.w.org\/{rel}","templated":true}]}}