{"id":38,"date":"2018-05-20T14:33:08","date_gmt":"2018-05-20T14:33:08","guid":{"rendered":"http:\/\/www.strnadova30.cz\/?page_id=38"},"modified":"2022-06-23T09:04:53","modified_gmt":"2022-06-23T09:04:53","slug":"trat-zavodu","status":"publish","type":"page","link":"https:\/\/www.strnadova30.cz\/index.php\/trat-zavodu\/","title":{"rendered":"Tra\u0165 z\u00e1vodu"},"content":{"rendered":"\n<p><strong>Trasa hlavn\u00edho z\u00e1vodu ro\u010dn\u00edk 2022<\/strong> je shodn\u00e1 s trasou z let 2014 &#8211; 2019. <\/p>\n\n\n\n<figure class=\"wp-block-image size-large\"><img loading=\"lazy\" decoding=\"async\" width=\"448\" height=\"546\" src=\"http:\/\/www.strnadova30.cz\/wp-content\/uploads\/2018\/05\/planek.jpg\" alt=\"Trasa hlavn\u00edho z\u00e1vodu 2022\" class=\"wp-image-99\" srcset=\"https:\/\/www.strnadova30.cz\/wp-content\/uploads\/2018\/05\/planek.jpg 448w, https:\/\/www.strnadova30.cz\/wp-content\/uploads\/2018\/05\/planek-246x300.jpg 246w\" sizes=\"auto, (max-width: 448px) 100vw, 448px\" \/><figcaption>Trasa hlavn\u00edho z\u00e1vodu 2022<\/figcaption><\/figure>\n\n\n\n<figure class=\"wp-block-image size-large\"><img loading=\"lazy\" decoding=\"async\" width=\"700\" height=\"284\" src=\"http:\/\/www.strnadova30.cz\/wp-content\/uploads\/2018\/05\/profil_25266_image001-700x284.gif\" alt=\"V\u00fd\u0161kov\u00fd profil trasy z\u00e1vodu\" class=\"wp-image-101\" srcset=\"https:\/\/www.strnadova30.cz\/wp-content\/uploads\/2018\/05\/profil_25266_image001-700x284.gif 700w, https:\/\/www.strnadova30.cz\/wp-content\/uploads\/2018\/05\/profil_25266_image001-300x122.gif 300w, https:\/\/www.strnadova30.cz\/wp-content\/uploads\/2018\/05\/profil_25266_image001-768x311.gif 768w\" sizes=\"auto, (max-width: 700px) 100vw, 700px\" \/><figcaption>V\u00fd\u0161kov\u00fd profil trasy z\u00e1vodu<\/figcaption><\/figure>\n\n\n\n<p><strong>Trasa dopl\u0148kov\u00e9ho z\u00e1vodu na 10 km<\/strong><\/p>\n\n\n\n<p>Z\u00e1vodn\u00edci na k\u0159i\u017eovatce v lese &#8211; bod 2 &#8211; odbo\u010d\u00ed doprava, projedou obc\u00ed Chy\u0161n\u00e1 a pojedou po silnici sm\u011brem ke k\u0159i\u017eovatce. Cca 100 metr\u016f p\u0159ed k\u0159i\u017eovatkou s hlavn\u00ed silnic\u00ed je oto\u010dka a stejnou trasu pojedou zp\u011bt do c\u00edle p\u0159ed z\u00e1mkem v R\u016f\u017ekov\u00fdch Lhotic\u00edch.<\/p>\n\n\n\n<figure class=\"wp-block-image size-large\"><img loading=\"lazy\" decoding=\"async\" width=\"640\" height=\"620\" src=\"https:\/\/www.strnadova30.cz\/wp-content\/uploads\/2022\/06\/Zavod_10_km.jpg\" alt=\"\" class=\"wp-image-452\" srcset=\"https:\/\/www.strnadova30.cz\/wp-content\/uploads\/2022\/06\/Zavod_10_km.jpg 640w, https:\/\/www.strnadova30.cz\/wp-content\/uploads\/2022\/06\/Zavod_10_km-300x291.jpg 300w\" sizes=\"auto, (max-width: 640px) 100vw, 640px\" \/><figcaption>Trasa dopl\u0148kov\u00e9ho z\u00e1vodu<\/figcaption><\/figure>\n\n\n\n<figure class=\"wp-block-image size-large\"><img loading=\"lazy\" decoding=\"async\" width=\"700\" height=\"551\" src=\"https:\/\/www.strnadova30.cz\/wp-content\/uploads\/2022\/06\/Zavod_10_km_vyskovy_profil-700x551.jpg\" alt=\"\" class=\"wp-image-453\" srcset=\"https:\/\/www.strnadova30.cz\/wp-content\/uploads\/2022\/06\/Zavod_10_km_vyskovy_profil-700x551.jpg 700w, https:\/\/www.strnadova30.cz\/wp-content\/uploads\/2022\/06\/Zavod_10_km_vyskovy_profil-300x236.jpg 300w, https:\/\/www.strnadova30.cz\/wp-content\/uploads\/2022\/06\/Zavod_10_km_vyskovy_profil-768x605.jpg 768w, https:\/\/www.strnadova30.cz\/wp-content\/uploads\/2022\/06\/Zavod_10_km_vyskovy_profil.jpg 1074w\" sizes=\"auto, (max-width: 700px) 100vw, 700px\" \/><\/figure>\n\n\n\n<p><strong>Trasa z\u00e1vodu ro\u010dn\u00edk 2021<\/strong><br>Trasa z\u00e1vodu 11. 9. 2021 je zm\u011bn\u011bna z d\u016fvodu uzav\u0159en\u00ed \u010d\u00e1sti komunikace v \u00faseku \u010cechtice &#8211; odbo\u010dka na R\u016f\u017ekovy Lhotice.<br>Leto\u0161n\u00ed z\u00e1vod povede z R\u016f\u017ekov\u00fdch Lhotic na Ko\u0161etice, On\u0161ov, T\u011b\u0161kovice. Nad T\u011b\u0161kovicemi je oto\u010dka, kde je to 15 km, tedy polovina trasy. A z oto\u010dky se jede zp\u011bt stejnou trasou na R\u016f\u017ekovy Lhotice. <br><br><img loading=\"lazy\" decoding=\"async\" width=\"660\" height=\"425\" class=\"wp-image-399\" style=\"width: 660px;\" src=\"http:\/\/www.strnadova30.cz\/wp-content\/uploads\/2021\/08\/Strnadovka_2021_mapa.png\" alt=\"\" srcset=\"https:\/\/www.strnadova30.cz\/wp-content\/uploads\/2021\/08\/Strnadovka_2021_mapa.png 1280w, https:\/\/www.strnadova30.cz\/wp-content\/uploads\/2021\/08\/Strnadovka_2021_mapa-300x193.png 300w, https:\/\/www.strnadova30.cz\/wp-content\/uploads\/2021\/08\/Strnadovka_2021_mapa-700x451.png 700w, https:\/\/www.strnadova30.cz\/wp-content\/uploads\/2021\/08\/Strnadovka_2021_mapa-768x494.png 768w\" sizes=\"auto, (max-width: 660px) 100vw, 660px\" \/><br><br>Pro podrobn\u011bj\u0161\u00ed zn\u00e1zorn\u011bn\u00ed trat\u011b v\u010detn\u011b jej\u00edho profilu lze u\u017e\u00edt tento <a href=\"https:\/\/mapy.cz\/s\/lonebofane\">Odkaz<\/a> s t\u00edm, \u017ee &#8222;C\u00edl&#8220; na map\u011b nen\u00ed c\u00edl, ale oto\u010dka nad T\u011b\u0161kovicemi.<br> <\/p>\n\n\n<p><strong>Trasa z\u00e1vodu od roku 2014 do roku 2019<\/strong><br>Z\u00e1vod do roku 2014 a znovu od roku 2017 vede po standardn\u00ed trase: R\u016f\u017ekovy Lhotice &#8211; \u010cechtice &#8211; K\u0159ivsoudov &#8211; Lhota Bubene\u010d &#8211; Studen\u00fd &#8211; On\u0161ov &#8211; Ko\u0161etice &#8211; R\u016f\u017ekovy Lhotice &#8211; jak nazna\u010duje n\u00e1sleduj\u00edc\u00ed mapka.<br><img loading=\"lazy\" decoding=\"async\" class=\"aligncenter wp-image-99 size-full\" src=\"http:\/\/www.strnadova30.cz\/wp-content\/uploads\/2018\/05\/planek.jpg\" alt=\"\" width=\"448\" height=\"546\" srcset=\"https:\/\/www.strnadova30.cz\/wp-content\/uploads\/2018\/05\/planek.jpg 448w, https:\/\/www.strnadova30.cz\/wp-content\/uploads\/2018\/05\/planek-246x300.jpg 246w\" sizes=\"auto, (max-width: 448px) 100vw, 448px\" \/><\/p>\n<h2>Profil trat\u011b<\/h2>\n<figure id=\"attachment_101\" aria-describedby=\"caption-attachment-101\" style=\"width: 660px\" class=\"wp-caption alignleft\"><a href=\"http:\/\/www.strnadova30.cz\/wp-content\/uploads\/2018\/05\/profil_25266_image001.gif\" data-rel=\"lightbox-image-0\" data-rl_title=\"\" data-rl_caption=\"\" title=\"\"><img loading=\"lazy\" decoding=\"async\" class=\"wp-image-101 size-large\" src=\"http:\/\/www.strnadova30.cz\/wp-content\/uploads\/2018\/05\/profil_25266_image001-700x284.gif\" alt=\"\" width=\"660\" height=\"268\" srcset=\"https:\/\/www.strnadova30.cz\/wp-content\/uploads\/2018\/05\/profil_25266_image001-700x284.gif 700w, https:\/\/www.strnadova30.cz\/wp-content\/uploads\/2018\/05\/profil_25266_image001-300x122.gif 300w, https:\/\/www.strnadova30.cz\/wp-content\/uploads\/2018\/05\/profil_25266_image001-768x311.gif 768w\" sizes=\"auto, (max-width: 660px) 100vw, 660px\" \/><\/a><figcaption id=\"caption-attachment-101\" class=\"wp-caption-text\">Pro zv\u011bt\u0161en\u00ed klikn\u011bte na obr\u00e1zek<\/figcaption><\/figure>\n<p>Pro podrobn\u011bj\u0161\u00ed zn\u00e1zorn\u011bn\u00ed trat\u011b v\u010detn\u011b jej\u00edho profilu lze u\u017e\u00edt tento odkaz: <a href=\"https:\/\/mapy.cz\/zakladni?mereni-vzdalenosti&amp;x=15.1006651&amp;y=49.5778922&amp;z=14&amp;rm=95tiDxVJyPRNXVfl1gPiexJgwLfg1gs6fdQgNBf-xJOeoniUt01N0E1gcggv0gOH5P0h3jgc0U2hb0f-fhd0grFgQ0gdOfl0hKlhl0g.Z5a0fYBhD0N0gR0fF0FNfW2R0ejYfd0eovI0fTKR1fi64nfe2gkNefuglne2cQ0fe2gR1f-fga1f1uZDD1EJfdgCnfivA0exfQ0emgge0eE4O0fjcg60fbJZ0fTqK0fJH00f19Y0eqpgO0exdgf0fKXU0fhy200XfY0S-fe04qH0fjcgV0fCC40fmHfa0fksf80f6Pfj0N0T02gV0AmA0fVU40GLS0fdnfm0fbIC0fDRfF0fAmQ0fiMG0GLf50h8LfN0g3fB0gv8f50g.df40gkUfg0goe80hBHfc0KVgP0gUx20gSCfE0fVUec054nf80h8IfL0gm.fC0geueo05qKel05VNf-0hRc80hoBgYnQHgWqfmpgT9fH5hD0fDtgOqfk8INCs\" target=\"_blank\" rel=\"noopener noreferrer\">Podrobn\u00e9 zn\u00e1zorn\u011bn\u00ed trat\u011b<\/a><\/p>\n<h2>Tra\u0165 doprovodn\u00e9ho d\u011btsk\u00e9ho z\u00e1vodu na 10 kilometr\u016f<\/h2>\n<p>Trasa dopl\u0148kov\u00e9ho z\u00e1vodu vede po silnici a zpevn\u011bn\u00e9 cest\u011b od z\u00e1mku na Kr\u010dma a d\u00e1le na k\u0159i\u017eovatku se silnic\u00ed K\u0159ivsoudov &#8211; Studen\u00fd. Zde se z\u00e1vodn\u00edci ot\u00e1\u010d\u00ed a po stejn\u00e9 trase jedou zp\u011bt.<\/p>\n<p><img loading=\"lazy\" decoding=\"async\" class=\"aligncenter wp-image-317 size-large\" src=\"http:\/\/www.strnadova30.cz\/wp-content\/uploads\/2019\/07\/Doplnkovy_zavod-700x420.jpg\" alt=\"\" width=\"660\" height=\"396\" srcset=\"https:\/\/www.strnadova30.cz\/wp-content\/uploads\/2019\/07\/Doplnkovy_zavod-700x420.jpg 700w, https:\/\/www.strnadova30.cz\/wp-content\/uploads\/2019\/07\/Doplnkovy_zavod-300x180.jpg 300w, https:\/\/www.strnadova30.cz\/wp-content\/uploads\/2019\/07\/Doplnkovy_zavod-768x461.jpg 768w, https:\/\/www.strnadova30.cz\/wp-content\/uploads\/2019\/07\/Doplnkovy_zavod.jpg 1134w\" sizes=\"auto, (max-width: 660px) 100vw, 660px\" \/><\/p>\n<h2>Profil trat\u011b<\/h2>\n<p><a href=\"http:\/\/www.strnadova30.cz\/doplnkovy_zavod_vyskovy_profil\/\"><img loading=\"lazy\" decoding=\"async\" class=\" wp-image-318 aligncenter\" src=\"http:\/\/www.strnadova30.cz\/wp-content\/uploads\/2019\/07\/Doplnkovy_zavod_vyskovy_profil.jpg\" alt=\"\" width=\"618\" height=\"462\" srcset=\"https:\/\/www.strnadova30.cz\/wp-content\/uploads\/2019\/07\/Doplnkovy_zavod_vyskovy_profil.jpg 394w, https:\/\/www.strnadova30.cz\/wp-content\/uploads\/2019\/07\/Doplnkovy_zavod_vyskovy_profil-300x224.jpg 300w\" sizes=\"auto, (max-width: 618px) 100vw, 618px\" \/><\/a>Pro podrobn\u011bj\u0161\u00ed zn\u00e1zorn\u011bn\u00ed trat\u011b v\u010detn\u011b jej\u00edho profilu lze u\u017e\u00edt tento odkaz: <a href=\"https:\/\/mapy.cz\/zakladni?mereni-vzdalenosti&amp;x=15.0718474&amp;y=49.6063812&amp;z=18&amp;rm=95t5xxVJyGQnPpN9TLRDMSgRq6yRqLkgPjOiV0LHgRQMaQNMSR8JwSN4qgPDHBZdHTX8KmYx4ES1Ndg8JK5W8O.gNJg61Qn6cPqMBgS1fchPjJa81A5T0GcQqFWP94R8DEwgX1fWpWQGLRxgN7NjgV1TNgThLJgmpA9gtmLNgaLNGgbN6xSugNqgWCW9ZWgPng-ehMn5D0gVggmf61Lcfc8fMvepNe0jfigfZPfbgfS8KnFWM9fXs6gfbaZNfFxOGfM2GgfftM8fel40fktB9TYfcngdGF9U2I9S4IgTxG88eG0YFfeGg-7I9NhI9LcfmnflSDgKVff8O6HgMSA9RaCnOwAGShfkGShHgRi4nOWJGNqf59N-E06ofj1KNH16ofh9LPIxN5MXHBIXJi\" target=\"_blank\" rel=\"noopener noreferrer\">Podrobn\u00e9 zn\u00e1zorn\u011bn\u00ed trat\u011b<\/a><\/p>\n<h2>Tra\u0165 z\u00e1vodu v letech 2015 a 2016<\/h2>\n<p>V roce 2015 z d\u016fvodu rozs\u00e1hl\u00fdch oprav vozovky na \u010d\u00e1sti vynechan\u00fdch \u00fasek\u016f a n\u00e1sledn\u011b i v roce 2016 (po p\u016fvodn\u00edch kladn\u00fdch ohlasech n\u011bkter\u00fdch z\u00e1vodn\u00edk\u016f) vedl z\u00e1vod po p\u016fvodn\u011b provizorn\u011b zvolen\u00e9 trase tudy: R\u016f\u017ekovy Lhotice &#8211; Kr\u010dmy &#8211; d\u00e1le po cyklostezce sm\u011brem na Lhotu Bubene\u010d &#8211; p\u0159es d\u00e1lni\u010dn\u00ed most &#8211; D\u011bkanovice &#8211; Studen\u00fd &#8211; On\u0161ov &#8211; Ko\u0161etice &#8211; R\u016f\u017ekovy Lhotice (jak zn\u00e1zor\u0148uje n\u00e1sleduj\u00edc\u00ed mapka). Po proveden\u00e9m hlasov\u00e1n\u00ed z\u00e1vodn\u00edk\u016f k mo\u017enosti zm\u011bnit trasu z\u00e1vodu natrvalo na tuto p\u016fvodn\u011b provizorn\u00ed tra\u0165 bylo od tohoto z\u00e1m\u011bru organiz\u00e1tory upu\u0161t\u011bno, nebo\u0165 (by\u0165 m\u00edrn\u011b a nikoli zcela jednozna\u010dn\u011b) p\u0159ev\u00e1\u017eily hlasy ve prosp\u011bch p\u016fvodn\u00ed historick\u00e9 trasy (dal\u0161\u00edm d\u016fvodem je i mo\u017enost historick\u00e9ho srovn\u00e1n\u00ed \u010das\u016f, jakkoliv dosahovan\u00e9 v\u00fdsledky ovliv\u0148uje modernizace techniky, lep\u0161\u00ed kvalita silnic a dal\u0161\u00ed faktory). Pro \u00faplnost tedy uv\u00e1d\u00edme, kudy z\u00e1vod vedl v letech 2015 a 2016:<br><img loading=\"lazy\" decoding=\"async\" class=\"aligncenter wp-image-100 size-large\" src=\"http:\/\/www.strnadova30.cz\/wp-content\/uploads\/2018\/05\/planek-nova-700x713.jpg\" alt=\"\" width=\"660\" height=\"672\" srcset=\"https:\/\/www.strnadova30.cz\/wp-content\/uploads\/2018\/05\/planek-nova-700x713.jpg 700w, https:\/\/www.strnadova30.cz\/wp-content\/uploads\/2018\/05\/planek-nova-295x300.jpg 295w, https:\/\/www.strnadova30.cz\/wp-content\/uploads\/2018\/05\/planek-nova.jpg 701w\" sizes=\"auto, (max-width: 660px) 100vw, 660px\" \/><\/p>","protected":false},"excerpt":{"rendered":"<p>Trasa hlavn\u00edho z\u00e1vodu ro\u010dn\u00edk 2022 je shodn\u00e1 s trasou z let 2014 &#8211; 2019. Trasa dopl\u0148kov\u00e9ho z\u00e1vodu na 10 km Z\u00e1vodn\u00edci na k\u0159i\u017eovatce v lese &#8211; bod 2 &#8211; odbo\u010d\u00ed doprava, projedou obc\u00ed Chy\u0161n\u00e1 a pojedou po silnici sm\u011brem ke k\u0159i\u017eovatce. Cca 100 metr\u016f p\u0159ed k\u0159i\u017eovatkou s hlavn\u00ed silnic\u00ed je oto\u010dka a stejnou trasu pojedou &hellip; <a href=\"https:\/\/www.strnadova30.cz\/index.php\/trat-zavodu\/\" class=\"more-link\">Pokra\u010dov\u00e1n\u00ed textu <span class=\"screen-reader-text\">Tra\u0165 z\u00e1vodu<\/span><\/a><\/p>\n","protected":false},"author":1,"featured_media":0,"parent":0,"menu_order":0,"comment_status":"closed","ping_status":"closed","template":"","meta":{"footnotes":""},"class_list":["post-38","page","type-page","status-publish","hentry"],"_links":{"self":[{"href":"https:\/\/www.strnadova30.cz\/index.php\/wp-json\/wp\/v2\/pages\/38","targetHints":{"allow":["GET"]}}],"collection":[{"href":"https:\/\/www.strnadova30.cz\/index.php\/wp-json\/wp\/v2\/pages"}],"about":[{"href":"https:\/\/www.strnadova30.cz\/index.php\/wp-json\/wp\/v2\/types\/page"}],"author":[{"embeddable":true,"href":"https:\/\/www.strnadova30.cz\/index.php\/wp-json\/wp\/v2\/users\/1"}],"replies":[{"embeddable":true,"href":"https:\/\/www.strnadova30.cz\/index.php\/wp-json\/wp\/v2\/comments?post=38"}],"version-history":[{"count":24,"href":"https:\/\/www.strnadova30.cz\/index.php\/wp-json\/wp\/v2\/pages\/38\/revisions"}],"predecessor-version":[{"id":456,"href":"https:\/\/www.strnadova30.cz\/index.php\/wp-json\/wp\/v2\/pages\/38\/revisions\/456"}],"wp:attachment":[{"href":"https:\/\/www.strnadova30.cz\/index.php\/wp-json\/wp\/v2\/media?parent=38"}],"curies":[{"name":"wp","href":"https:\/\/api.w.org\/{rel}","templated":true}]}}