{"id":463,"date":"2022-06-27T10:45:59","date_gmt":"2022-06-27T10:45:59","guid":{"rendered":"http:\/\/www.strnadova30.cz\/?page_id=463"},"modified":"2022-06-27T10:47:50","modified_gmt":"2022-06-27T10:47:50","slug":"vysledky-35-rocnik","status":"publish","type":"page","link":"https:\/\/www.strnadova30.cz\/index.php\/vysledky-35-rocnik\/","title":{"rendered":"V\u00fdsledky 35. ro\u010dn\u00edk"},"content":{"rendered":"\n<a href=\"https:\/\/www.strnadova30.cz\/wp-content\/uploads\/2022\/06\/2022-xxxv.pdf\" class=\"pdfemb-viewer\" style=\"\" data-width=\"max\" data-height=\"max\" data-toolbar=\"bottom\" data-toolbar-fixed=\"off\">2022-xxxv<\/a>\n\n\n\n<p><\/p>\n\n\n\n<a href=\"https:\/\/www.strnadova30.cz\/wp-content\/uploads\/2022\/06\/2022-xxxv-deti.pdf\" class=\"pdfemb-viewer\" style=\"\" data-width=\"max\" data-height=\"max\" data-toolbar=\"bottom\" data-toolbar-fixed=\"off\">2022-xxxv-deti<\/a>\n","protected":false},"excerpt":{"rendered":"","protected":false},"author":1,"featured_media":0,"parent":0,"menu_order":0,"comment_status":"closed","ping_status":"closed","template":"","meta":{"footnotes":""},"class_list":["post-463","page","type-page","status-publish","hentry"],"_links":{"self":[{"href":"https:\/\/www.strnadova30.cz\/index.php\/wp-json\/wp\/v2\/pages\/463","targetHints":{"allow":["GET"]}}],"collection":[{"href":"https:\/\/www.strnadova30.cz\/index.php\/wp-json\/wp\/v2\/pages"}],"about":[{"href":"https:\/\/www.strnadova30.cz\/index.php\/wp-json\/wp\/v2\/types\/page"}],"author":[{"embeddable":true,"href":"https:\/\/www.strnadova30.cz\/index.php\/wp-json\/wp\/v2\/users\/1"}],"replies":[{"embeddable":true,"href":"https:\/\/www.strnadova30.cz\/index.php\/wp-json\/wp\/v2\/comments?post=463"}],"version-history":[{"count":2,"href":"https:\/\/www.strnadova30.cz\/index.php\/wp-json\/wp\/v2\/pages\/463\/revisions"}],"predecessor-version":[{"id":465,"href":"https:\/\/www.strnadova30.cz\/index.php\/wp-json\/wp\/v2\/pages\/463\/revisions\/465"}],"wp:attachment":[{"href":"https:\/\/www.strnadova30.cz\/index.php\/wp-json\/wp\/v2\/media?parent=463"}],"curies":[{"name":"wp","href":"https:\/\/api.w.org\/{rel}","templated":true}]}}