{"id":7,"date":"2018-05-19T09:41:53","date_gmt":"2018-05-19T09:41:53","guid":{"rendered":"http:\/\/www.strnadova30.cz\/?page_id=7"},"modified":"2026-02-22T09:06:53","modified_gmt":"2026-02-22T09:06:53","slug":"domu","status":"publish","type":"page","link":"https:\/\/www.strnadova30.cz\/","title":{"rendered":"Strnadova t\u0159ic\u00edtka"},"content":{"rendered":"\n<p>je silni\u010dn\u00ed \u010dasovka jednotlivc\u016f na 30 km, kter\u00e1 se jede jako okruh po silnic\u00edch kolem R\u016f\u017ekov\u00fdch Lhotic. Sou\u010d\u00e1st\u00ed Strnadovy t\u0159ic\u00edtky je doprovodn\u00fd z\u00e1vod d\u011bt\u00ed na 10 kilometr\u016f.<\/p>\n\n\n\n<p><em>Informace o z\u00e1vod\u011b a dal\u0161\u00edch po\u0159\u00e1dan\u00fdch akc\u00edch naleznete zde na str\u00e1nk\u00e1ch a na <a href=\"https:\/\/www.facebook.com\/strnadova.tricitka\">Facebooku<\/a> <\/em>.<\/p>\n\n\n\n<p><b>Mil\u00ed sportovn\u00ed p\u0159\u00e1tel\u00e9, <br>srde\u010dn\u011b v\u00e1s zveme na Cyklistick\u00fd b\u00e1l, kter\u00fd se bude konat 27. \u00fanora 2026.<\/b><\/p>\n\n\n\n<p><br><\/p>\n\n\n\n<figure class=\"wp-block-image size-full is-resized\"><img loading=\"lazy\" decoding=\"async\" width=\"2136\" height=\"1502\" src=\"https:\/\/www.strnadova30.cz\/wp-content\/uploads\/2026\/02\/plakatples2026.jpg\" alt=\"\" class=\"wp-image-737\" style=\"width:685px;height:auto\" srcset=\"https:\/\/www.strnadova30.cz\/wp-content\/uploads\/2026\/02\/plakatples2026.jpg 2136w, https:\/\/www.strnadova30.cz\/wp-content\/uploads\/2026\/02\/plakatples2026-300x211.jpg 300w, https:\/\/www.strnadova30.cz\/wp-content\/uploads\/2026\/02\/plakatples2026-700x492.jpg 700w, https:\/\/www.strnadova30.cz\/wp-content\/uploads\/2026\/02\/plakatples2026-768x540.jpg 768w, https:\/\/www.strnadova30.cz\/wp-content\/uploads\/2026\/02\/plakatples2026-1536x1080.jpg 1536w, https:\/\/www.strnadova30.cz\/wp-content\/uploads\/2026\/02\/plakatples2026-2048x1440.jpg 2048w\" sizes=\"auto, (max-width: 2136px) 100vw, 2136px\" \/><figcaption class=\"wp-element-caption\">Cyklistick\u00fd ples 2026<\/figcaption><\/figure>\n","protected":false},"excerpt":{"rendered":"<p>je silni\u010dn\u00ed \u010dasovka jednotlivc\u016f na 30 km, kter\u00e1 se jede jako okruh po silnic\u00edch kolem R\u016f\u017ekov\u00fdch Lhotic. Sou\u010d\u00e1st\u00ed Strnadovy t\u0159ic\u00edtky je doprovodn\u00fd z\u00e1vod d\u011bt\u00ed na 10 kilometr\u016f. Informace o z\u00e1vod\u011b a dal\u0161\u00edch po\u0159\u00e1dan\u00fdch akc\u00edch naleznete zde na str\u00e1nk\u00e1ch a na Facebooku . Mil\u00ed sportovn\u00ed p\u0159\u00e1tel\u00e9, srde\u010dn\u011b v\u00e1s zveme na Cyklistick\u00fd b\u00e1l, kter\u00fd se bude konat &hellip; <a href=\"https:\/\/www.strnadova30.cz\/\" class=\"more-link\">Pokra\u010dov\u00e1n\u00ed textu <span class=\"screen-reader-text\">Strnadova t\u0159ic\u00edtka<\/span><\/a><\/p>\n","protected":false},"author":1,"featured_media":0,"parent":0,"menu_order":0,"comment_status":"closed","ping_status":"closed","template":"","meta":{"footnotes":""},"class_list":["post-7","page","type-page","status-publish","hentry"],"_links":{"self":[{"href":"https:\/\/www.strnadova30.cz\/index.php\/wp-json\/wp\/v2\/pages\/7","targetHints":{"allow":["GET"]}}],"collection":[{"href":"https:\/\/www.strnadova30.cz\/index.php\/wp-json\/wp\/v2\/pages"}],"about":[{"href":"https:\/\/www.strnadova30.cz\/index.php\/wp-json\/wp\/v2\/types\/page"}],"author":[{"embeddable":true,"href":"https:\/\/www.strnadova30.cz\/index.php\/wp-json\/wp\/v2\/users\/1"}],"replies":[{"embeddable":true,"href":"https:\/\/www.strnadova30.cz\/index.php\/wp-json\/wp\/v2\/comments?post=7"}],"version-history":[{"count":63,"href":"https:\/\/www.strnadova30.cz\/index.php\/wp-json\/wp\/v2\/pages\/7\/revisions"}],"predecessor-version":[{"id":739,"href":"https:\/\/www.strnadova30.cz\/index.php\/wp-json\/wp\/v2\/pages\/7\/revisions\/739"}],"wp:attachment":[{"href":"https:\/\/www.strnadova30.cz\/index.php\/wp-json\/wp\/v2\/media?parent=7"}],"curies":[{"name":"wp","href":"https:\/\/api.w.org\/{rel}","templated":true}]}}