{"id":9,"date":"2018-05-19T09:41:53","date_gmt":"2018-05-19T09:41:53","guid":{"rendered":"http:\/\/www.strnadova30.cz\/?page_id=9"},"modified":"2018-06-08T07:12:01","modified_gmt":"2018-06-08T07:12:01","slug":"kontakt","status":"publish","type":"page","link":"https:\/\/www.strnadova30.cz\/index.php\/kontakt\/","title":{"rendered":"Kontakt"},"content":{"rendered":"<h5>P\u0159\u00e1tel\u00e9 Strnadovy t\u0159ic\u00edtky, z. s.<\/h5>\n<p>n\u00e1m. Dr. Tyr\u0161e 13<\/p>\n<p>257 65 \u010cechtice<\/p>\n<hr \/>\n<h6>\u0159editel z\u00e1vodu:<\/h6>\n<p style=\"padding-left: 30px;\">Franti\u0161ek Strnad + 420 724 336 779<\/p>\n<hr \/>\n<h6>Jednatelka, p\u0159\u00edjem telefonick\u00fdch p\u0159ihl\u00e1\u0161ek k z\u00e1vodu:<\/h6>\n<p style=\"padding-left: 30px;\">Dana Moravcov\u00e1 + 420 777 731 546<\/p>\n<hr \/>\n<h6>e-mail: <a href=\"mailto:info@strnadova30.cz\">info@strnadova30.cz<\/a><\/h6>\n<p>&nbsp;<\/p>\n","protected":false},"excerpt":{"rendered":"<p>P\u0159\u00e1tel\u00e9 Strnadovy t\u0159ic\u00edtky, z. s. n\u00e1m. Dr. Tyr\u0161e 13 257 65 \u010cechtice \u0159editel z\u00e1vodu: Franti\u0161ek Strnad + 420 724 336 779 Jednatelka, p\u0159\u00edjem telefonick\u00fdch p\u0159ihl\u00e1\u0161ek k z\u00e1vodu: Dana Moravcov\u00e1 + 420 777 731 546 e-mail: info@strnadova30.cz &nbsp;<\/p>\n","protected":false},"author":1,"featured_media":27,"parent":0,"menu_order":0,"comment_status":"closed","ping_status":"closed","template":"","meta":{"footnotes":""},"class_list":["post-9","page","type-page","status-publish","has-post-thumbnail","hentry"],"_links":{"self":[{"href":"https:\/\/www.strnadova30.cz\/index.php\/wp-json\/wp\/v2\/pages\/9","targetHints":{"allow":["GET"]}}],"collection":[{"href":"https:\/\/www.strnadova30.cz\/index.php\/wp-json\/wp\/v2\/pages"}],"about":[{"href":"https:\/\/www.strnadova30.cz\/index.php\/wp-json\/wp\/v2\/types\/page"}],"author":[{"embeddable":true,"href":"https:\/\/www.strnadova30.cz\/index.php\/wp-json\/wp\/v2\/users\/1"}],"replies":[{"embeddable":true,"href":"https:\/\/www.strnadova30.cz\/index.php\/wp-json\/wp\/v2\/comments?post=9"}],"version-history":[{"count":6,"href":"https:\/\/www.strnadova30.cz\/index.php\/wp-json\/wp\/v2\/pages\/9\/revisions"}],"predecessor-version":[{"id":227,"href":"https:\/\/www.strnadova30.cz\/index.php\/wp-json\/wp\/v2\/pages\/9\/revisions\/227"}],"wp:featuredmedia":[{"embeddable":true,"href":"https:\/\/www.strnadova30.cz\/index.php\/wp-json\/wp\/v2\/media\/27"}],"wp:attachment":[{"href":"https:\/\/www.strnadova30.cz\/index.php\/wp-json\/wp\/v2\/media?parent=9"}],"curies":[{"name":"wp","href":"https:\/\/api.w.org\/{rel}","templated":true}]}}